{"id":760,"date":"2026-04-07T19:33:45","date_gmt":"2026-04-07T17:33:45","guid":{"rendered":"https:\/\/astrocastor.cat\/?page_id=760"},"modified":"2026-04-07T20:40:32","modified_gmt":"2026-04-07T18:40:32","slug":"presentacio","status":"publish","type":"page","link":"https:\/\/astrocastor.cat\/index.php\/presentacio\/","title":{"rendered":"L&#8217;associaci\u00f3"},"content":{"rendered":"\n<h2 class=\"wp-block-heading has-large-font-size\">Qui som?<\/h2>\n\n\n\n<p>El Cercle Astron\u00f2mic de la Tordera (CASTOR), fundat l\u2019any 2009, \u00e9s un grup d\u2019aficionats a l&#8217;astronomia. Ens mou una idea senzilla: el cel \u00e9s de tothom i volem compartir la fascinaci\u00f3 de mirar m\u00e9s enll\u00e0 del nostre planeta.<\/p>\n\n\n\n<p>Som una associaci\u00f3 sense \u00e0nim de lucre arrelada a Tordera i el nostre \u00e0mbit d\u2019acci\u00f3 \u00e9s la zona de la Conca de la Tordera.<\/p>\n\n\n\n<p><\/p>\n\n\n\n<h2 class=\"wp-block-heading is-style-default has-large-font-size\">Qu\u00e8 fem?<\/h2>\n\n\n\n<p>Ens dediquem a la divulgaci\u00f3 cient\u00edfica i a l&#8217;observaci\u00f3 del cosmos a trav\u00e9s de dues branques principals:<\/p>\n\n\n\n<p>Observacions al carrer i a la natura: Traiem els telescopis per apropar la Lluna, els planetes i altres astres del cel a tothom. No cal saber-ne res; nosaltres t&#8217;ensenyem com mirar.<\/p>\n\n\n\n<p>Xerrades i confer\u00e8ncies: Organitzem trobades on parlem sobre els misteris de l&#8217;univers i l\u2019astronomia en general, sempre amb un llenguatge planer.<\/p>\n\n\n\n<p>I apostem fort per la divulgaci\u00f3 cient\u00edfica mitjan\u00e7ant xerrades i tallers per a escoles i instituts, conven\u00e7uts que l&#8217;astronomia \u00e9s la millor eina per despertar la curiositat i el respecte pel nostre cel fosc.<\/p>\n","protected":false},"excerpt":{"rendered":"<p>Qui som? El Cercle Astron\u00f2mic de la Tordera (CASTOR), fundat l\u2019any 2009, \u00e9s un grup d\u2019aficionats a l&#8217;astronomia. Ens mou una idea senzilla: el cel \u00e9s de tothom i volem compartir la fascinaci\u00f3 de mirar m\u00e9s enll\u00e0 del nostre planeta. Som una associaci\u00f3 sense \u00e0nim de lucre arrelada a Tordera i el nostre \u00e0mbit d\u2019acci\u00f3 [&hellip;]<\/p>\n","protected":false},"author":1,"featured_media":0,"parent":0,"menu_order":0,"comment_status":"closed","ping_status":"closed","template":"","meta":{"footnotes":""},"class_list":["post-760","page","type-page","status-publish","hentry"],"_links":{"self":[{"href":"https:\/\/astrocastor.cat\/index.php\/wp-json\/wp\/v2\/pages\/760","targetHints":{"allow":["GET"]}}],"collection":[{"href":"https:\/\/astrocastor.cat\/index.php\/wp-json\/wp\/v2\/pages"}],"about":[{"href":"https:\/\/astrocastor.cat\/index.php\/wp-json\/wp\/v2\/types\/page"}],"author":[{"embeddable":true,"href":"https:\/\/astrocastor.cat\/index.php\/wp-json\/wp\/v2\/users\/1"}],"replies":[{"embeddable":true,"href":"https:\/\/astrocastor.cat\/index.php\/wp-json\/wp\/v2\/comments?post=760"}],"version-history":[{"count":9,"href":"https:\/\/astrocastor.cat\/index.php\/wp-json\/wp\/v2\/pages\/760\/revisions"}],"predecessor-version":[{"id":787,"href":"https:\/\/astrocastor.cat\/index.php\/wp-json\/wp\/v2\/pages\/760\/revisions\/787"}],"wp:attachment":[{"href":"https:\/\/astrocastor.cat\/index.php\/wp-json\/wp\/v2\/media?parent=760"}],"curies":[{"name":"wp","href":"https:\/\/api.w.org\/{rel}","templated":true}]}}