{"id":16,"date":"2024-06-04T12:37:31","date_gmt":"2024-06-04T10:37:31","guid":{"rendered":"https:\/\/castor.vigaral.com\/?page_id=16"},"modified":"2025-04-15T19:59:33","modified_gmt":"2025-04-15T17:59:33","slug":"inici","status":"publish","type":"page","link":"https:\/\/astrocastor.cat\/","title":{"rendered":"Inici"},"content":{"rendered":"\n<div class=\"wp-block-group alignwide has-global-padding is-layout-constrained wp-container-core-group-is-layout-2704560f wp-block-group-is-layout-constrained\">\n<div class=\"wp-block-group is-content-justification-center is-nowrap is-layout-flex wp-container-core-group-is-layout-23441af8 wp-block-group-is-layout-flex\">\n<figure class=\"wp-block-image size-large is-resized\"><img decoding=\"async\" src=\"https:\/\/media.tenor.com\/MRCIli40TYoAAAAj\/under-construction90s-90s.gif\" alt=\"\" style=\"width:177px;height:auto\"\/><\/figure>\n\n\n\n<p>P\u00e0gina en construcci\u00f3.<\/p>\n<\/div>\n<\/div>\n\n\n\n<div data-wp-context=\"{}\" data-wp-interactive=\"core\/query\" data-wp-key=\"89\" data-wp-router-region=\"query-89\" class=\"wp-block-query alignwide has-global-padding is-layout-constrained wp-container-core-query-is-layout-df9632c3 wp-block-query-is-layout-constrained\">\n\n\n<div class=\"wp-block-group is-layout-flow wp-block-group-is-layout-flow\" style=\"margin-top:0;margin-bottom:0;padding-top:var(--wp--preset--spacing--50);padding-right:0;padding-bottom:var(--wp--preset--spacing--50);padding-left:0\"><ul class=\"columns-3 alignfull wp-block-post-template is-layout-grid wp-container-core-post-template-is-layout-2d080239 wp-block-post-template-is-layout-grid\"><li data-wp-key=\"post-template-item-765\" class=\"wp-block-post post-765 post type-post status-publish format-standard has-post-thumbnail hentry category-plantades category-public\">\n<figure style=\"aspect-ratio:3\/4; padding-bottom:var(--wp--preset--spacing--20);margin-bottom:0;\" class=\"wp-block-post-featured-image\"><a href=\"https:\/\/astrocastor.cat\/index.php\/2026\/04\/07\/xerrada-eclipsi-biblioteca\/\" target=\"_self\"  ><img fetchpriority=\"high\" decoding=\"async\" width=\"1080\" height=\"1350\" src=\"https:\/\/astrocastor.cat\/wp-content\/uploads\/2026\/04\/Biblioteca-24-04-2026.png\" class=\"attachment-post-thumbnail size-post-thumbnail wp-post-image\" alt=\"Xerrada Eclipsi Biblioteca\" style=\"width:100%;height:100%;object-fit:cover;\" srcset=\"https:\/\/astrocastor.cat\/wp-content\/uploads\/2026\/04\/Biblioteca-24-04-2026.png 1080w, https:\/\/astrocastor.cat\/wp-content\/uploads\/2026\/04\/Biblioteca-24-04-2026-240x300.png 240w, https:\/\/astrocastor.cat\/wp-content\/uploads\/2026\/04\/Biblioteca-24-04-2026-819x1024.png 819w, https:\/\/astrocastor.cat\/wp-content\/uploads\/2026\/04\/Biblioteca-24-04-2026-768x960.png 768w\" sizes=\"(max-width: 1080px) 100vw, 1080px\" \/><\/a><\/figure>\n\n\n<div class=\"wp-block-group is-vertical is-nowrap is-layout-flex wp-container-core-group-is-layout-97ba36a5 wp-block-group-is-layout-flex\" style=\"margin-top:var(--wp--preset--spacing--20);padding-top:0\"><h2 class=\"wp-block-post-title has-large-font-size wp-container-content-32e3a40d\"><a href=\"https:\/\/astrocastor.cat\/index.php\/2026\/04\/07\/xerrada-eclipsi-biblioteca\/\" target=\"_self\" >Xerrada Eclipsi Biblioteca<\/a><\/h2>\n\n<div class=\"wp-block-post-excerpt has-text-color has-contrast-2-color has-small-font-size wp-container-content-32e3a40d\"><p class=\"wp-block-post-excerpt__excerpt\">El Cercle Astron\u00f2mic de la Tordera estem preparant una xerrada sobre l&#8217;eclipsi solar 2026. Us convidem el divendres 24 d&#8217;abril a la biblioteca de Tordera de 19h a 20h. L&#8217;entrada \u00e9s gratu\u00efta i oberta a tots els p\u00fablics. Us hi esperem! <\/p><\/div>\n\n\n<div style=\"height:0px\" aria-hidden=\"true\" class=\"wp-block-spacer wp-container-content-32e3a40d\"><\/div>\n<\/div>\n\n<\/li><li data-wp-key=\"post-template-item-605\" class=\"wp-block-post post-605 post type-post status-publish format-standard has-post-thumbnail hentry category-plantades category-public\">\n<figure style=\"aspect-ratio:3\/4; padding-bottom:var(--wp--preset--spacing--20);margin-bottom:0;\" class=\"wp-block-post-featured-image\"><a href=\"https:\/\/astrocastor.cat\/index.php\/2024\/12\/10\/la-marato-2024\/\" target=\"_self\"  ><img decoding=\"async\" width=\"1080\" height=\"1080\" src=\"https:\/\/astrocastor.cat\/wp-content\/uploads\/2024\/12\/tordera-sol.jpg\" class=\"attachment-post-thumbnail size-post-thumbnail wp-post-image\" alt=\"La Marat\u00f3 2024\" style=\"width:100%;height:100%;object-fit:cover;\" srcset=\"https:\/\/astrocastor.cat\/wp-content\/uploads\/2024\/12\/tordera-sol.jpg 1080w, https:\/\/astrocastor.cat\/wp-content\/uploads\/2024\/12\/tordera-sol-300x300.jpg 300w, https:\/\/astrocastor.cat\/wp-content\/uploads\/2024\/12\/tordera-sol-1024x1024.jpg 1024w, https:\/\/astrocastor.cat\/wp-content\/uploads\/2024\/12\/tordera-sol-150x150.jpg 150w, https:\/\/astrocastor.cat\/wp-content\/uploads\/2024\/12\/tordera-sol-768x768.jpg 768w\" sizes=\"(max-width: 1080px) 100vw, 1080px\" \/><\/a><\/figure>\n\n\n<div class=\"wp-block-group is-vertical is-nowrap is-layout-flex wp-container-core-group-is-layout-97ba36a5 wp-block-group-is-layout-flex\" style=\"margin-top:var(--wp--preset--spacing--20);padding-top:0\"><h2 class=\"wp-block-post-title has-large-font-size wp-container-content-32e3a40d\"><a href=\"https:\/\/astrocastor.cat\/index.php\/2024\/12\/10\/la-marato-2024\/\" target=\"_self\" >La Marat\u00f3 2024<\/a><\/h2>\n\n<div class=\"wp-block-post-excerpt has-text-color has-contrast-2-color has-small-font-size wp-container-content-32e3a40d\"><p class=\"wp-block-post-excerpt__excerpt\">Com b\u00e9 sabreu, el proper diumenge 15 de desembre es celebra la&nbsp;@lamarato3cat&nbsp;, enguany dedicada a les malalties respirat\u00f2ries i, un cop m\u00e9s, el Cercle Astron\u00f2mic de la Tordera, col\u00b7laborarem amb el mercat solidari de Tordera. Per aix\u00f2, farem una observaci\u00f3 solar amb els nostres telescopis i els diners que es recaptin aniran destinats a futures&hellip; <\/p><\/div>\n\n\n<div style=\"height:0px\" aria-hidden=\"true\" class=\"wp-block-spacer wp-container-content-32e3a40d\"><\/div>\n<\/div>\n\n<\/li><li data-wp-key=\"post-template-item-602\" class=\"wp-block-post post-602 post type-post status-publish format-standard has-post-thumbnail hentry category-plantades category-public\">\n<figure style=\"aspect-ratio:3\/4; padding-bottom:var(--wp--preset--spacing--20);margin-bottom:0;\" class=\"wp-block-post-featured-image\"><a href=\"https:\/\/astrocastor.cat\/index.php\/2024\/07\/10\/observacio-astronomica-blanes\/\" target=\"_self\"  ><img decoding=\"async\" width=\"1080\" height=\"1350\" src=\"https:\/\/astrocastor.cat\/wp-content\/uploads\/2024\/12\/blanes.jpg\" class=\"attachment-post-thumbnail size-post-thumbnail wp-post-image\" alt=\"Observaci\u00f3 Astron\u00f2mica Blanes\" style=\"width:100%;height:100%;object-fit:cover;\" srcset=\"https:\/\/astrocastor.cat\/wp-content\/uploads\/2024\/12\/blanes.jpg 1080w, https:\/\/astrocastor.cat\/wp-content\/uploads\/2024\/12\/blanes-240x300.jpg 240w, https:\/\/astrocastor.cat\/wp-content\/uploads\/2024\/12\/blanes-819x1024.jpg 819w, https:\/\/astrocastor.cat\/wp-content\/uploads\/2024\/12\/blanes-768x960.jpg 768w\" sizes=\"(max-width: 1080px) 100vw, 1080px\" \/><\/a><\/figure>\n\n\n<div class=\"wp-block-group is-vertical is-nowrap is-layout-flex wp-container-core-group-is-layout-97ba36a5 wp-block-group-is-layout-flex\" style=\"margin-top:var(--wp--preset--spacing--20);padding-top:0\"><h2 class=\"wp-block-post-title has-large-font-size wp-container-content-32e3a40d\"><a href=\"https:\/\/astrocastor.cat\/index.php\/2024\/07\/10\/observacio-astronomica-blanes\/\" target=\"_self\" >Observaci\u00f3 Astron\u00f2mica Blanes<\/a><\/h2>\n\n<div class=\"wp-block-post-excerpt has-text-color has-contrast-2-color has-small-font-size wp-container-content-32e3a40d\"><p class=\"wp-block-post-excerpt__excerpt\">El proper dissabte 13 de juliol, si el temps ens ho permet, farem observaci\u00f3 amb els nostres telescopis al Castell de Sant Joan de Blanes.L&#8217;activitat \u00e9s gratu\u00efta i no cal inscripci\u00f3! \ud83d\udd2d\ud83c\udf1c No us ho perdeu! <\/p><\/div>\n\n\n<div style=\"height:0px\" aria-hidden=\"true\" class=\"wp-block-spacer wp-container-content-32e3a40d\"><\/div>\n<\/div>\n\n<\/li><\/ul>\n\n\n<div style=\"margin-top:0;margin-bottom:0;height:var(--wp--preset--spacing--40)\" aria-hidden=\"true\" class=\"wp-block-spacer\"><\/div>\n\n\n<nav class=\"wp-block-query-pagination is-content-justification-space-between is-layout-flex wp-container-core-query-pagination-is-layout-b2891da8 wp-block-query-pagination-is-layout-flex\" aria-label=\"Paginaci\u00f3n\">\n\n\n<a data-wp-key=\"query-pagination-next\" data-wp-on--click=\"core\/query::actions.navigate\" data-wp-on--mouseenter=\"core\/query::actions.prefetch\" data-wp-watch=\"core\/query::callbacks.prefetch\" href=\"\/index.php\/wp-json\/wp\/v2\/pages\/16?query-89-page=2\" class=\"wp-block-query-pagination-next\">Pagina seg\u00fcent<span class='wp-block-query-pagination-next-arrow is-arrow-arrow' aria-hidden='true'>\u2192<\/span><\/a>\n<\/nav><\/div>\n<\/div>\n","protected":false},"excerpt":{"rendered":"<p>P\u00e0gina en construcci\u00f3.<\/p>\n","protected":false},"author":1,"featured_media":0,"parent":0,"menu_order":0,"comment_status":"closed","ping_status":"closed","template":"","meta":{"footnotes":""},"class_list":["post-16","page","type-page","status-publish","hentry"],"_links":{"self":[{"href":"https:\/\/astrocastor.cat\/index.php\/wp-json\/wp\/v2\/pages\/16","targetHints":{"allow":["GET"]}}],"collection":[{"href":"https:\/\/astrocastor.cat\/index.php\/wp-json\/wp\/v2\/pages"}],"about":[{"href":"https:\/\/astrocastor.cat\/index.php\/wp-json\/wp\/v2\/types\/page"}],"author":[{"embeddable":true,"href":"https:\/\/astrocastor.cat\/index.php\/wp-json\/wp\/v2\/users\/1"}],"replies":[{"embeddable":true,"href":"https:\/\/astrocastor.cat\/index.php\/wp-json\/wp\/v2\/comments?post=16"}],"version-history":[{"count":53,"href":"https:\/\/astrocastor.cat\/index.php\/wp-json\/wp\/v2\/pages\/16\/revisions"}],"predecessor-version":[{"id":625,"href":"https:\/\/astrocastor.cat\/index.php\/wp-json\/wp\/v2\/pages\/16\/revisions\/625"}],"wp:attachment":[{"href":"https:\/\/astrocastor.cat\/index.php\/wp-json\/wp\/v2\/media?parent=16"}],"curies":[{"name":"wp","href":"https:\/\/api.w.org\/{rel}","templated":true}]}}